{"id":1855,"date":"2025-06-26T23:52:14","date_gmt":"2025-06-26T20:52:14","guid":{"rendered":"https:\/\/rkeeper.us\/?page_id=1855"},"modified":"2025-07-22T12:11:24","modified_gmt":"2025-07-22T09:11:24","slug":"selvbetjeningskiosker","status":"publish","type":"page","link":"https:\/\/rkeeper.no\/?page_id=1855","title":{"rendered":"Selvbetjente kiosker"},"content":{"rendered":"\t\t<div data-elementor-type=\"wp-page\" data-elementor-id=\"1855\" class=\"elementor elementor-1855 elementor-1787\" data-elementor-post-type=\"page\">\n\t\t\t\t<div class=\"elementor-element elementor-element-45a7e7ff e-flex e-con-boxed e-con e-parent\" data-id=\"45a7e7ff\" data-element_type=\"container\" data-e-type=\"container\">\n\t\t\t\t\t<div class=\"e-con-inner\">\n\t\t\t\t<div class=\"elementor-element elementor-element-7639dded elementor-widget elementor-widget-heading\" data-id=\"7639dded\" data-element_type=\"widget\" data-e-type=\"widget\" data-widget_type=\"heading.default\">\n\t\t\t\t<div class=\"elementor-widget-container\">\n\t\t\t\t\t<h3 class=\"elementor-heading-title elementor-size-default\">Selvbetjente kiosker<\/h3>\t\t\t\t<\/div>\n\t\t\t\t<\/div>\n\t\t\t\t<div class=\"elementor-element elementor-element-60686d3 elementor-widget elementor-widget-text-editor\" data-id=\"60686d3\" data-element_type=\"widget\" data-e-type=\"widget\" data-widget_type=\"text-editor.default\">\n\t\t\t\t<div class=\"elementor-widget-container\">\n\t\t\t\t\t\t\t\t\t<h2 id=\"Empower-your-fast-food-experience-with-r_keeper-kiosks-1\"><strong>Styrk din hurtigmatopplevelse med r_keeper-kiosker<\/strong><\/h2><figure class=\"image image-style-align-left image_resized\"><img fetchpriority=\"high\" decoding=\"async\" class=\"alignright\" src=\"https:\/\/img.perfectwiki.xyz\/insecure\/resize:fit:400\/aHR0cHM6Ly9zdG9yYWdlLmdvb2dsZWFwaXMuY29tL3BlcmZlY3Rfd2lraS9jMThmZTZmNy03MTRiLTQxMzItYmI1NC0zNTY0ODc3NWVkMGMvY1NJdzZ0a3l0OFU2UTIxZUlGQk4vJUQwJUI4JUQwJUI3JUQwJUJFJUQwJUIxJUQxJTgwJUQwJUIwJUQwJUI2JUQwJUI1JUQwJUJEJUQwJUI4JUQwJUI1X2Q2NTk2NWQzLTFkNDUtNDYyOC05ZTkxLWJlOGUxYzc1ODBhMy5wbmc.webp\" sizes=\"100vw\" srcset=\"https:\/\/img.perfectwiki.xyz\/insecure\/resize:fit:400\/aHR0cHM6Ly9zdG9yYWdlLmdvb2dsZWFwaXMuY29tL3BlcmZlY3Rfd2lraS9jMThmZTZmNy03MTRiLTQxMzItYmI1NC0zNTY0ODc3NWVkMGMvY1NJdzZ0a3l0OFU2UTIxZUlGQk4vJUQwJUI4JUQwJUI3JUQwJUJFJUQwJUIxJUQxJTgwJUQwJUIwJUQwJUI2JUQwJUI1JUQwJUJEJUQwJUI4JUQwJUI1X2Q2NTk2NWQzLTFkNDUtNDYyOC05ZTkxLWJlOGUxYzc1ODBhMy5wbmc.webp 400w, https:\/\/img.perfectwiki.xyz\/insecure\/resize:fit:800\/aHR0cHM6Ly9zdG9yYWdlLmdvb2dsZWFwaXMuY29tL3BlcmZlY3Rfd2lraS9jMThmZTZmNy03MTRiLTQxMzItYmI1NC0zNTY0ODc3NWVkMGMvY1NJdzZ0a3l0OFU2UTIxZUlGQk4vJUQwJUI4JUQwJUI3JUQwJUJFJUQwJUIxJUQxJTgwJUQwJUIwJUQwJUI2JUQwJUI1JUQwJUJEJUQwJUI4JUQwJUI1X2Q2NTk2NWQzLTFkNDUtNDYyOC05ZTkxLWJlOGUxYzc1ODBhMy5wbmc.webp 800w, https:\/\/img.perfectwiki.xyz\/insecure\/resize:fit:1200\/aHR0cHM6Ly9zdG9yYWdlLmdvb2dsZWFwaXMuY29tL3BlcmZlY3Rfd2lraS9jMThmZTZmNy03MTRiLTQxMzItYmI1NC0zNTY0ODc3NWVkMGMvY1NJdzZ0a3l0OFU2UTIxZUlGQk4vJUQwJUI4JUQwJUI3JUQwJUJFJUQwJUIxJUQxJTgwJUQwJUIwJUQwJUI2JUQwJUI1JUQwJUJEJUQwJUI4JUQwJUI1X2Q2NTk2NWQzLTFkNDUtNDYyOC05ZTkxLWJlOGUxYzc1ODBhMy5wbmc.webp 1200w, https:\/\/img.perfectwiki.xyz\/insecure\/aHR0cHM6Ly9zdG9yYWdlLmdvb2dsZWFwaXMuY29tL3BlcmZlY3Rfd2lraS9jMThmZTZmNy03MTRiLTQxMzItYmI1NC0zNTY0ODc3NWVkMGMvY1NJdzZ0a3l0OFU2UTIxZUlGQk4vJUQwJUI4JUQwJUI3JUQwJUJFJUQwJUIxJUQxJTgwJUQwJUIwJUQwJUI2JUQwJUI1JUQwJUJEJUQwJUI4JUQwJUI1X2Q2NTk2NWQzLTFkNDUtNDYyOC05ZTkxLWJlOGUxYzc1ODBhMy5wbmc.webp 1400w\" alt=\"produkter \/ 1 Selvbetjeningskiosker \u2705  \" width=\"428\" height=\"426\"><\/figure><h3 id=\"Quick.-Efficient.-User-Friendly.-2\"><strong>Rask. Effektiv. Brukervennlig.  <\/strong><\/h3><p>Kioskene v\u00e5re er raske, effektive og utrolig brukervennlige, og gir kundene dine muligheten til \u00e5 legge inn bestillinger n\u00e5r det passer dem, noe som reduserer ventetiden og \u00f8ker tilfredsheten. Dykk ned i fremtidens servering, der teknologi m\u00f8ter smak. L\u00f8ft restaurantens effektivitet og se virksomheten vokse med <strong>r_keeper<\/strong>. Ta kontakt i dag for \u00e5 forandre servicen din!   <\/p><ul><li>\u00abReduser ventetider\u00bb<\/li><li>\u00ab\u00d8k kundetilfredsheten\u00bb<\/li><li>\u00ab\u00d8k bestillingsn\u00f8yaktigheten\u00bb<\/li><li>\u00ab\u00d8k salget med mersalg og kryssalg\u00bb<\/li><\/ul><h2 id=\"How-R-Keeper-Kiosks-Work-1\"><strong>Hvordan r-keeper-kiosker fungerer<\/strong><\/h2><ul><li>\u00abEnkel oppsett\u00bb<\/li><li>\u00abS\u00f8ml\u00f8s bestilling\u00bb<\/li><li>\u00ab\u00d8yeblikkelig betalingsbehandling\u00bb<\/li><li>\u00abRask ordreoppfyllelse\u00bb<\/li><\/ul><h2><strong>Fordeler med R-keeper-kiosker<\/strong><\/h2><p><strong style=\"letter-spacing: 0px; word-spacing: 0em; background-color: transparent;\">&laquo;Streamline Your Operations&raquo; <\/strong><span style=\"letter-spacing: 0px; word-spacing: 0em; background-color: transparent;\">handler om \u00e5 revolusjonere m\u00e5ten hurtigmatrestauranter h\u00e5ndterer sine daglige arbeidsflyter og kundeinteraksjoner p\u00e5. <\/span><span style=\"letter-spacing: 0px; word-spacing: 0em; background-color: transparent;\">Denne tiln\u00e6rmingen utnytter avansert teknologi for \u00e5 gj\u00f8re restauranten mer effektiv og redusere tiden og innsatsen som brukes p\u00e5 rutineoppgaver.<\/span><\/p><p><strong style=\"background-color: transparent; letter-spacing: 0px; word-spacing: 0em;\">Raskere bestillingsprosess:<\/strong><span style=\"background-color: transparent; letter-spacing: 0px; word-spacing: 0em;\"> Kundene kan raskt legge inn bestillinger via intuitive ber\u00f8ringsskjermgrensesnitt, noe som reduserer k\u00f8tiden og minimerer presset p\u00e5 de ansatte i rushtiden.<\/span><\/p><p><strong style=\"background-color: transparent; letter-spacing: 0px; word-spacing: 0em;\">Forbedret bestillingsn\u00f8yaktighet:<\/strong><span style=\"background-color: transparent; letter-spacing: 0px; word-spacing: 0em;\">  Med selvbetjente kiosker kan kundene tilpasse bestillingene sine akkurat slik de vil ha dem, noe som reduserer risikoen for feil som kan oppst\u00e5 med tradisjonelle bestillingsmetoder. Denne n\u00f8yaktigheten sikrer at kundene f\u00e5r akkurat det de har bestilt, noe som \u00f8ker tilfredsheten og reduserer svinnet. <\/span><\/p><p><strong style=\"background-color: transparent; letter-spacing: 0px; word-spacing: 0em;\">Effektiv personalallokering:<\/strong><span style=\"background-color: transparent; letter-spacing: 0px; word-spacing: 0em;\">  Ved \u00e5 automatisere bestillingsprosessen kan de ansatte konsentrere seg om andre viktige omr\u00e5der, som tilberedning av mat og kundeservice. Denne optimaliserte allokeringen av menneskelige ressurser sikrer at driften g\u00e5r som smurt, noe som \u00f8ker den totale effektiviteten i restauranten. <\/span><\/p><p><img decoding=\"async\" class=\"alignleft\" style=\"margin: 8px 8px 0px;\" src=\"https:\/\/img.perfectwiki.xyz\/insecure\/resize:fit:400\/aHR0cHM6Ly9zdG9yYWdlLmdvb2dsZWFwaXMuY29tL3BlcmZlY3Rfd2lraS9jMThmZTZmNy03MTRiLTQxMzItYmI1NC0zNTY0ODc3NWVkMGMvY1NJdzZ0a3l0OFU2UTIxZUlGQk4vJUQwJUI4JUQwJUI3JUQwJUJFJUQwJUIxJUQxJTgwJUQwJUIwJUQwJUI2JUQwJUI1JUQwJUJEJUQwJUI4JUQwJUI1XzI4MzhjZjMwLTdiYTAtNDI4OC04NWE5LWUyYTNjZjM0M2EzMi5wbmc.webp\" sizes=\"100vw\" srcset=\"https:\/\/img.perfectwiki.xyz\/insecure\/resize:fit:400\/aHR0cHM6Ly9zdG9yYWdlLmdvb2dsZWFwaXMuY29tL3BlcmZlY3Rfd2lraS9jMThmZTZmNy03MTRiLTQxMzItYmI1NC0zNTY0ODc3NWVkMGMvY1NJdzZ0a3l0OFU2UTIxZUlGQk4vJUQwJUI4JUQwJUI3JUQwJUJFJUQwJUIxJUQxJTgwJUQwJUIwJUQwJUI2JUQwJUI1JUQwJUJEJUQwJUI4JUQwJUI1XzI4MzhjZjMwLTdiYTAtNDI4OC04NWE5LWUyYTNjZjM0M2EzMi5wbmc.webp 400w, https:\/\/img.perfectwiki.xyz\/insecure\/resize:fit:800\/aHR0cHM6Ly9zdG9yYWdlLmdvb2dsZWFwaXMuY29tL3BlcmZlY3Rfd2lraS9jMThmZTZmNy03MTRiLTQxMzItYmI1NC0zNTY0ODc3NWVkMGMvY1NJdzZ0a3l0OFU2UTIxZUlGQk4vJUQwJUI4JUQwJUI3JUQwJUJFJUQwJUIxJUQxJTgwJUQwJUIwJUQwJUI2JUQwJUI1JUQwJUJEJUQwJUI4JUQwJUI1XzI4MzhjZjMwLTdiYTAtNDI4OC04NWE5LWUyYTNjZjM0M2EzMi5wbmc.webp 800w, https:\/\/img.perfectwiki.xyz\/insecure\/resize:fit:1200\/aHR0cHM6Ly9zdG9yYWdlLmdvb2dsZWFwaXMuY29tL3BlcmZlY3Rfd2lraS9jMThmZTZmNy03MTRiLTQxMzItYmI1NC0zNTY0ODc3NWVkMGMvY1NJdzZ0a3l0OFU2UTIxZUlGQk4vJUQwJUI4JUQwJUI3JUQwJUJFJUQwJUIxJUQxJTgwJUQwJUIwJUQwJUI2JUQwJUI1JUQwJUJEJUQwJUI4JUQwJUI1XzI4MzhjZjMwLTdiYTAtNDI4OC04NWE5LWUyYTNjZjM0M2EzMi5wbmc.webp 1200w, https:\/\/img.perfectwiki.xyz\/insecure\/aHR0cHM6Ly9zdG9yYWdlLmdvb2dsZWFwaXMuY29tL3BlcmZlY3Rfd2lraS9jMThmZTZmNy03MTRiLTQxMzItYmI1NC0zNTY0ODc3NWVkMGMvY1NJdzZ0a3l0OFU2UTIxZUlGQk4vJUQwJUI4JUQwJUI3JUQwJUJFJUQwJUIxJUQxJTgwJUQwJUIwJUQwJUI2JUQwJUI1JUQwJUJEJUQwJUI4JUQwJUI1XzI4MzhjZjMwLTdiYTAtNDI4OC04NWE5LWUyYTNjZjM0M2EzMi5wbmc.webp 1400w\" alt=\"produkter \/ 1 Selvbetjeningskiosker \u2705  \" width=\"485\" height=\"324\"><\/p><p><strong style=\"background-color: transparent; letter-spacing: 0px; word-spacing: 0em;\">Datadrevet innsikt:<\/strong><span style=\"background-color: transparent; letter-spacing: 0px; word-spacing: 0em;\">  R-Keeper-kioskene samler inn verdifulle data om kundenes preferanser og bestillingsm\u00f8nstre. Denne informasjonen kan analyseres for \u00e5 ta informerte beslutninger om menyjusteringer, kampanjestrategier og bemanning i rushtiden, noe som ytterligere effektiviserer driften og skreddersyr matopplevelsen til kundenes smak. <\/span><\/p><p><strong style=\"background-color: transparent; letter-spacing: 0px; word-spacing: 0em;\">&laquo;Gi kundene dine mer makt&raquo;  <\/strong><span style=\"background-color: transparent; letter-spacing: 0px; word-spacing: 0em;\">gir gjestene kontroll over matopplevelsen i din gatekj\u00f8kkenrestaurant. Disse kioskene tilbyr en intuitiv og interaktiv bestillingsprosess, slik at kundene kan bla gjennom menyen i sitt eget tempo, tilpasse bestillingen til sine egne preferanser og til og med utforske nye varer eller kampanjer. Denne selvstyrte tiln\u00e6rmingen \u00f8ker ikke bare kundetilfredsheten ved \u00e5 gi dem valgmuligheter og fleksibilitet, men engasjerer dem ogs\u00e5 i en moderne, teknologikyndig matopplevelse. N\u00e5r du gir kundene dine denne muligheten, kan det f\u00f8re til \u00f8kt bestillingsverdi gjennom muligheter for mersalg og en mer personlig service, noe som bidrar til kundelojalitet og tilbakevendende forretninger.   <\/span><\/p><p><strong style=\"background-color: transparent; letter-spacing: 0px; word-spacing: 0em;\">&laquo;Forbedre bunnlinjen din&raquo;  <\/strong><span style=\"background-color: transparent; letter-spacing: 0px; word-spacing: 0em;\">utnytter teknologien til \u00e5 p\u00e5virke l\u00f8nnsomheten til hurtigmatrestauranten din direkte. Slik kan integreringen av disse kioskene bidra til \u00f8kt omsetning: <\/span><\/p><p><strong style=\"background-color: transparent; letter-spacing: 0px; word-spacing: 0em;\">Oppsalg og kryssalg:<\/strong><span style=\"background-color: transparent; letter-spacing: 0px; word-spacing: 0em;\">  Kioskene kan automatisk foresl\u00e5 tillegg eller oppgraderinger p\u00e5 bestillingstidspunktet, slik at kundene oppmuntres til \u00e5 gj\u00f8re tilleggskj\u00f8p. For eksempel ved \u00e5 foresl\u00e5 en drink sammen med en burger eller tilby et tilbeh\u00f8r til rabattert pris n\u00e5r det kj\u00f8pes sammen med et hovedm\u00e5ltid. Dette \u00f8ker ikke bare den gjennomsnittlige bestillingsverdien, men gj\u00f8r det ogs\u00e5 uten at det oppleves som p\u00e5trengende, som ved oppsalg fra mennesker.  <\/span><\/p><p><strong style=\"background-color: transparent; letter-spacing: 0px; word-spacing: 0em;\">Reduserte arbeidskostnader:<\/strong><span style=\"background-color: transparent; letter-spacing: 0px; word-spacing: 0em;\">  Ved \u00e5 automatisere bestillingsprosessen kan du omfordele personalet til mer kritiske driftsomr\u00e5der eller redusere antall ansatte som trengs i mindre travle perioder. Denne optimaliseringen kan f\u00f8re til betydelige besparelser i l\u00f8nnskostnader, en av de st\u00f8rste utgiftene i restaurantbransjen. <\/span><\/p><p><strong>\u00d8kt gjennomstr\u00f8mning:<\/strong> Selvbetjeningskiosker kan h\u00e5ndtere flere bestillinger samtidig og fungere kontinuerlig, noe som f\u00f8rer til h\u00f8yere gjennomstr\u00f8mning av kunder, spesielt i rushtiden. Denne effektiviteten betyr at flere salg kan behandles p\u00e5 kortere tid, noe som \u00f8ker inntektspotensialet direkte. <\/p>\t\t\t\t\t\t\t\t<\/div>\n\t\t\t\t<\/div>\n\t\t\t\t<div class=\"elementor-element elementor-element-4800aad5 elementor-align-center elementor-mobile-align-center elementor-widget elementor-widget-button\" data-id=\"4800aad5\" data-element_type=\"widget\" data-e-type=\"widget\" data-widget_type=\"button.default\">\n\t\t\t\t<div class=\"elementor-widget-container\">\n\t\t\t\t\t\t\t\t\t<div class=\"elementor-button-wrapper\">\n\t\t\t\t\t<a class=\"elementor-button elementor-button-link elementor-size-sm\" href=\"http:\/\/rkeeper.no\/?page_id=256\">\n\t\t\t\t\t\t<span class=\"elementor-button-content-wrapper\">\n\t\t\t\t\t\t\t\t\t<span class=\"elementor-button-text\">Kontakt oss<\/span>\n\t\t\t\t\t<\/span>\n\t\t\t\t\t<\/a>\n\t\t\t\t<\/div>\n\t\t\t\t\t\t\t\t<\/div>\n\t\t\t\t<\/div>\n\t\t\t\t\t<\/div>\n\t\t\t\t<\/div>\n\t\t\t\t<\/div>\n\t\t","protected":false},"excerpt":{"rendered":"<p>Selvbetjente kiosker Styrk din hurtigmatopplevelse med r_keeper-kiosker Rask. Effektiv. Brukervennlig. Kioskene v\u00e5re er raske, effektive og utrolig brukervennlige, og gir kundene dine muligheten til \u00e5 legge inn bestillinger n\u00e5r det passer dem, noe som reduserer ventetiden og \u00f8ker tilfredsheten. Dykk ned i fremtidens servering, der teknologi m\u00f8ter smak. L\u00f8ft restaurantens effektivitet og se virksomheten vokse [&hellip;]<\/p>\n","protected":false},"author":1,"featured_media":0,"parent":0,"menu_order":0,"comment_status":"closed","ping_status":"closed","template":"elementor_header_footer","meta":{"footnotes":""},"class_list":["post-1855","page","type-page","status-publish","hentry"],"_links":{"self":[{"href":"https:\/\/rkeeper.no\/index.php?rest_route=\/wp\/v2\/pages\/1855","targetHints":{"allow":["GET"]}}],"collection":[{"href":"https:\/\/rkeeper.no\/index.php?rest_route=\/wp\/v2\/pages"}],"about":[{"href":"https:\/\/rkeeper.no\/index.php?rest_route=\/wp\/v2\/types\/page"}],"author":[{"embeddable":true,"href":"https:\/\/rkeeper.no\/index.php?rest_route=\/wp\/v2\/users\/1"}],"replies":[{"embeddable":true,"href":"https:\/\/rkeeper.no\/index.php?rest_route=%2Fwp%2Fv2%2Fcomments&post=1855"}],"version-history":[{"count":7,"href":"https:\/\/rkeeper.no\/index.php?rest_route=\/wp\/v2\/pages\/1855\/revisions"}],"predecessor-version":[{"id":3735,"href":"https:\/\/rkeeper.no\/index.php?rest_route=\/wp\/v2\/pages\/1855\/revisions\/3735"}],"wp:attachment":[{"href":"https:\/\/rkeeper.no\/index.php?rest_route=%2Fwp%2Fv2%2Fmedia&parent=1855"}],"curies":[{"name":"wp","href":"https:\/\/api.w.org\/{rel}","templated":true}]}}