{"id":2542,"date":"2025-07-14T15:28:58","date_gmt":"2025-07-14T12:28:58","guid":{"rendered":"https:\/\/rkeeper.us\/?page_id=2542"},"modified":"2025-07-22T12:09:38","modified_gmt":"2025-07-22T09:09:38","slug":"pos-kasseapparat","status":"publish","type":"page","link":"https:\/\/rkeeper.no\/?page_id=2542","title":{"rendered":"POS\/Kasseapparat"},"content":{"rendered":"\t\t<div data-elementor-type=\"wp-page\" data-elementor-id=\"2542\" class=\"elementor elementor-2542 elementor-2181\" data-elementor-post-type=\"page\">\n\t\t\t\t<div class=\"elementor-element elementor-element-520b5700 e-flex e-con-boxed e-con e-parent\" data-id=\"520b5700\" data-element_type=\"container\" data-e-type=\"container\">\n\t\t\t\t\t<div class=\"e-con-inner\">\n\t\t\t\t<div class=\"elementor-element elementor-element-6e322089 elementor-widget elementor-widget-heading\" data-id=\"6e322089\" data-element_type=\"widget\" data-e-type=\"widget\" data-widget_type=\"heading.default\">\n\t\t\t\t<div class=\"elementor-widget-container\">\n\t\t\t\t\t<h3 class=\"elementor-heading-title elementor-size-default\">POS\/Kasseapparat<\/h3>\t\t\t\t<\/div>\n\t\t\t\t<\/div>\n\t\t\t\t<div class=\"elementor-element elementor-element-120f9b88 elementor-widget elementor-widget-text-editor\" data-id=\"120f9b88\" data-element_type=\"widget\" data-e-type=\"widget\" data-widget_type=\"text-editor.default\">\n\t\t\t\t<div class=\"elementor-widget-container\">\n\t\t\t\t\t\t\t\t\t<h2 id=\"POS-and-Cashdesk:-Power-at-Your-Fingertips-1\"><strong>POS &amp; Cashdesk: Makt til fingerspissene<\/strong><\/h2><h3 id=\"Smart-Intuitive-and-Built-for-Busy-Service-2\">Smart, intuitiv og bygget for travle tjenester<\/h3><p>Enten du driver en QSR-restaurant med h\u00f8yt tempo, en koselig kaf\u00e9 eller en restaurant med flere lokasjoner, er v\u00e5r <strong>POS- og kassal\u00f8sning<\/strong> din kommandosentral for alt. F\u00e5 raskere service, reduser antall feil, administrer personale og lagerbeholdning, og gled gjestene dine &#8211; alt fra ett enkelt grensesnitt. <\/p><p>Designet for ytelse. Bygget for skala. Elsket av de ansatte.  <\/p><hr><h3 id=\"Why-Our-POS-System-2\"><strong>Hvorfor v\u00e5rt POS-system?<\/strong><\/h3><p><img fetchpriority=\"high\" decoding=\"async\" class=\"alignright\" style=\"margin: 8px 8px 0px;\" src=\"https:\/\/img.perfectwiki.xyz\/insecure\/resize:fit:400\/aHR0cHM6Ly9zdG9yYWdlLmdvb2dsZWFwaXMuY29tL3BlcmZlY3Rfd2lraS9jMThmZTZmNy03MTRiLTQxMzItYmI1NC0zNTY0ODc3NWVkMGMvSmhLQW04VFpVUlJLSHhOZ0RUUmwvJUQwJUI4JUQwJUI3JUQwJUJFJUQwJUIxJUQxJTgwJUQwJUIwJUQwJUI2JUQwJUI1JUQwJUJEJUQwJUI4JUQwJUI1X2UzOWYyNWMyLWZmNDgtNGMyYy1iMjE3LTQ1Y2Q2ZTYyN2ExNS5wbmc.webp\" sizes=\"100vw\" srcset=\"https:\/\/img.perfectwiki.xyz\/insecure\/resize:fit:400\/aHR0cHM6Ly9zdG9yYWdlLmdvb2dsZWFwaXMuY29tL3BlcmZlY3Rfd2lraS9jMThmZTZmNy03MTRiLTQxMzItYmI1NC0zNTY0ODc3NWVkMGMvSmhLQW04VFpVUlJLSHhOZ0RUUmwvJUQwJUI4JUQwJUI3JUQwJUJFJUQwJUIxJUQxJTgwJUQwJUIwJUQwJUI2JUQwJUI1JUQwJUJEJUQwJUI4JUQwJUI1X2UzOWYyNWMyLWZmNDgtNGMyYy1iMjE3LTQ1Y2Q2ZTYyN2ExNS5wbmc.webp 400w, https:\/\/img.perfectwiki.xyz\/insecure\/resize:fit:800\/aHR0cHM6Ly9zdG9yYWdlLmdvb2dsZWFwaXMuY29tL3BlcmZlY3Rfd2lraS9jMThmZTZmNy03MTRiLTQxMzItYmI1NC0zNTY0ODc3NWVkMGMvSmhLQW04VFpVUlJLSHhOZ0RUUmwvJUQwJUI4JUQwJUI3JUQwJUJFJUQwJUIxJUQxJTgwJUQwJUIwJUQwJUI2JUQwJUI1JUQwJUJEJUQwJUI4JUQwJUI1X2UzOWYyNWMyLWZmNDgtNGMyYy1iMjE3LTQ1Y2Q2ZTYyN2ExNS5wbmc.webp 800w, https:\/\/img.perfectwiki.xyz\/insecure\/resize:fit:1200\/aHR0cHM6Ly9zdG9yYWdlLmdvb2dsZWFwaXMuY29tL3BlcmZlY3Rfd2lraS9jMThmZTZmNy03MTRiLTQxMzItYmI1NC0zNTY0ODc3NWVkMGMvSmhLQW04VFpVUlJLSHhOZ0RUUmwvJUQwJUI4JUQwJUI3JUQwJUJFJUQwJUIxJUQxJTgwJUQwJUIwJUQwJUI2JUQwJUI1JUQwJUJEJUQwJUI4JUQwJUI1X2UzOWYyNWMyLWZmNDgtNGMyYy1iMjE3LTQ1Y2Q2ZTYyN2ExNS5wbmc.webp 1200w, https:\/\/img.perfectwiki.xyz\/insecure\/aHR0cHM6Ly9zdG9yYWdlLmdvb2dsZWFwaXMuY29tL3BlcmZlY3Rfd2lraS9jMThmZTZmNy03MTRiLTQxMzItYmI1NC0zNTY0ODc3NWVkMGMvSmhLQW04VFpVUlJLSHhOZ0RUUmwvJUQwJUI4JUQwJUI3JUQwJUJFJUQwJUIxJUQxJTgwJUQwJUIwJUQwJUI2JUQwJUI1JUQwJUJEJUQwJUI4JUQwJUI1X2UzOWYyNWMyLWZmNDgtNGMyYy1iMjE3LTQ1Y2Q2ZTYyN2ExNS5wbmc.webp 1400w\" alt=\"produkter \/ 3 POS\/Cashdesk\" width=\"331\" height=\"220\"><\/p><p><strong>Lynraske transaksjoner<\/strong><br>Ingen forsinkelse. Ingen ventetid. Ta imot bestillinger, del opp regninger og skriv ut kvitteringer p\u00e5 sekunder &#8211; selv i rushtiden.  <\/p><p><strong>Brukervennlig grensesnitt<\/strong><br>Ingen bratt l\u00e6ringskurve. De ansatte vil elske hvor enkelt det er \u00e5 bruke &#8211; fra dag \u00e9n. <\/p><p><strong>Synkronisering<\/strong> i <strong>sanntid<\/strong><br>Bestillinger fra kiosker, apper og nett? Alt synkroniseres til POS i sanntid. Ingen dobbel h\u00e5ndtering, ingen feil.  <\/p><p><strong>Sikre betalinger<\/strong><br>Godta kort, mobilbetalinger, QR eller kontanter &#8211; alt fullt integrert med de beste betalingsleverand\u00f8rene.<\/p><p> <strong>Full kontroll og analyse<\/strong><br>F\u00f8lg med p\u00e5 salg, personalets prestasjoner, de travleste timene, bestselgere &#8211; alt p\u00e5 dashbordet.<\/p><hr><h3 id=\"Key-Features-2\"><strong>Viktige funksjoner<\/strong><\/h3><p><strong><img decoding=\"async\" class=\"alignleft\" style=\"font-weight: 400;\" src=\"https:\/\/img.perfectwiki.xyz\/insecure\/resize:fit:400\/aHR0cHM6Ly9zdG9yYWdlLmdvb2dsZWFwaXMuY29tL3BlcmZlY3Rfd2lraS9jMThmZTZmNy03MTRiLTQxMzItYmI1NC0zNTY0ODc3NWVkMGMvSmhLQW04VFpVUlJLSHhOZ0RUUmwvJUQwJUI4JUQwJUI3JUQwJUJFJUQwJUIxJUQxJTgwJUQwJUIwJUQwJUI2JUQwJUI1JUQwJUJEJUQwJUI4JUQwJUI1X2E2MDI4ZGFmLTkwY2MtNDZiOC1hNDkyLWYwMzA5YTcyNGJhZC5wbmc.webp\" sizes=\"100vw\" srcset=\"https:\/\/img.perfectwiki.xyz\/insecure\/resize:fit:400\/aHR0cHM6Ly9zdG9yYWdlLmdvb2dsZWFwaXMuY29tL3BlcmZlY3Rfd2lraS9jMThmZTZmNy03MTRiLTQxMzItYmI1NC0zNTY0ODc3NWVkMGMvSmhLQW04VFpVUlJLSHhOZ0RUUmwvJUQwJUI4JUQwJUI3JUQwJUJFJUQwJUIxJUQxJTgwJUQwJUIwJUQwJUI2JUQwJUI1JUQwJUJEJUQwJUI4JUQwJUI1X2E2MDI4ZGFmLTkwY2MtNDZiOC1hNDkyLWYwMzA5YTcyNGJhZC5wbmc.webp 400w, https:\/\/img.perfectwiki.xyz\/insecure\/resize:fit:800\/aHR0cHM6Ly9zdG9yYWdlLmdvb2dsZWFwaXMuY29tL3BlcmZlY3Rfd2lraS9jMThmZTZmNy03MTRiLTQxMzItYmI1NC0zNTY0ODc3NWVkMGMvSmhLQW04VFpVUlJLSHhOZ0RUUmwvJUQwJUI4JUQwJUI3JUQwJUJFJUQwJUIxJUQxJTgwJUQwJUIwJUQwJUI2JUQwJUI1JUQwJUJEJUQwJUI4JUQwJUI1X2E2MDI4ZGFmLTkwY2MtNDZiOC1hNDkyLWYwMzA5YTcyNGJhZC5wbmc.webp 800w, https:\/\/img.perfectwiki.xyz\/insecure\/resize:fit:1200\/aHR0cHM6Ly9zdG9yYWdlLmdvb2dsZWFwaXMuY29tL3BlcmZlY3Rfd2lraS9jMThmZTZmNy03MTRiLTQxMzItYmI1NC0zNTY0ODc3NWVkMGMvSmhLQW04VFpVUlJLSHhOZ0RUUmwvJUQwJUI4JUQwJUI3JUQwJUJFJUQwJUIxJUQxJTgwJUQwJUIwJUQwJUI2JUQwJUI1JUQwJUJEJUQwJUI4JUQwJUI1X2E2MDI4ZGFmLTkwY2MtNDZiOC1hNDkyLWYwMzA5YTcyNGJhZC5wbmc.webp 1200w, https:\/\/img.perfectwiki.xyz\/insecure\/aHR0cHM6Ly9zdG9yYWdlLmdvb2dsZWFwaXMuY29tL3BlcmZlY3Rfd2lraS9jMThmZTZmNy03MTRiLTQxMzItYmI1NC0zNTY0ODc3NWVkMGMvSmhLQW04VFpVUlJLSHhOZ0RUUmwvJUQwJUI4JUQwJUI3JUQwJUJFJUQwJUIxJUQxJTgwJUQwJUIwJUQwJUI2JUQwJUI1JUQwJUJEJUQwJUI4JUQwJUI1X2E2MDI4ZGFmLTkwY2MtNDZiOC1hNDkyLWYwMzA5YTcyNGJhZC5wbmc.webp 1400w\" alt=\"produkter \/ 3 POS\/Cashdesk\" width=\"359\" height=\"239\">Flere enhetsalternativer<\/strong>: Bruk som en stasjon\u00e6r terminal eller et h\u00e5ndholdt nettbrett &#8211; eller begge deler.<\/p><p><strong>Enkel menyadministrasjon<\/strong>: Rediger varer, priser og kampanjer p\u00e5 farten.<\/p><p><strong>Egendefinerte tillatelser<\/strong>: Angi tilgangsniv\u00e5er for ansatte. Hold driften sikker. <\/p><p><strong>Frakoblet modus<\/strong>: Fortsett \u00e5 selge, selv n\u00e5r internett er nede.<\/p><p><strong>Skjermbilder for kundevisning<\/strong>: Vis bestillingsdetaljer og forslag til mersalg til gjestene i sanntid.<\/p><p>\u00d8yeblikkelige <strong>rabatter og lojalitetsintegrasjon<\/strong>: Bruk kampanjekoder og bel\u00f8nningsprogrammer direkte.<\/p><hr><h3 id=\"For-Every-Venue-Every-Style-2\"><strong>For ethvert sted, enhver stil<\/strong><\/h3><p><strong>Pizzeriaer<\/strong> og gatekj\u00f8kken: Hurtighet og presisjon i rushtiden.<br><strong>Kafeer og kaffebarer<\/strong>: Rask tilgang, enkelt mersalg.<br><strong>Fullservice-restauranter<\/strong>: Bordkartlegging, tips, h\u00e5ndtering av flere brukere.<\/p><hr><h3 id=\"What-You-Get-2\"><strong>Hva du f\u00e5r<\/strong><\/h3><p>\u2714\ufe0f Raskere utsjekkingstid<br>\u2714\ufe0f F\u00e6rre feil fra personalet<br>\u2714\ufe0f Bedre rapportering<br>\u2714\ufe0f Forn\u00f8yde kunder<br>\u2714\ufe0f Sentralisert administrasjon for flere lokasjoner<\/p><p>\u00d8k salget ditt. Forenkle arbeidsdagen din. Voks med selvtillit.  <\/p><hr><p><strong>F\u00e5 hvert trykk til \u00e5 telle.<\/strong><br>Oppgrader kasseopplevelsen med et kassasystem som jobber like hardt som deg.<\/p>\t\t\t\t\t\t\t\t<\/div>\n\t\t\t\t<\/div>\n\t\t\t\t<div class=\"elementor-element elementor-element-59aa025f elementor-align-center elementor-mobile-align-center elementor-widget elementor-widget-button\" data-id=\"59aa025f\" data-element_type=\"widget\" data-e-type=\"widget\" data-widget_type=\"button.default\">\n\t\t\t\t<div class=\"elementor-widget-container\">\n\t\t\t\t\t\t\t\t\t<div class=\"elementor-button-wrapper\">\n\t\t\t\t\t<a class=\"elementor-button elementor-button-link elementor-size-sm\" href=\"https:\/\/rkeeper.us\/?page_id=256\">\n\t\t\t\t\t\t<span class=\"elementor-button-content-wrapper\">\n\t\t\t\t\t\t\t\t\t<span class=\"elementor-button-text\">Kontakt oss<\/span>\n\t\t\t\t\t<\/span>\n\t\t\t\t\t<\/a>\n\t\t\t\t<\/div>\n\t\t\t\t\t\t\t\t<\/div>\n\t\t\t\t<\/div>\n\t\t\t\t\t<\/div>\n\t\t\t\t<\/div>\n\t\t\t\t<\/div>\n\t\t","protected":false},"excerpt":{"rendered":"<p>POS\/Kasseapparat POS &amp; Cashdesk: Makt til fingerspissene Smart, intuitiv og bygget for travle tjenester Enten du driver en QSR-restaurant med h\u00f8yt tempo, en koselig kaf\u00e9 eller en restaurant med flere lokasjoner, er v\u00e5r POS- og kassal\u00f8sning din kommandosentral for alt. F\u00e5 raskere service, reduser antall feil, administrer personale og lagerbeholdning, og gled gjestene dine &#8211; [&hellip;]<\/p>\n","protected":false},"author":1,"featured_media":0,"parent":0,"menu_order":0,"comment_status":"closed","ping_status":"closed","template":"","meta":{"footnotes":""},"class_list":["post-2542","page","type-page","status-publish","hentry"],"_links":{"self":[{"href":"https:\/\/rkeeper.no\/index.php?rest_route=\/wp\/v2\/pages\/2542","targetHints":{"allow":["GET"]}}],"collection":[{"href":"https:\/\/rkeeper.no\/index.php?rest_route=\/wp\/v2\/pages"}],"about":[{"href":"https:\/\/rkeeper.no\/index.php?rest_route=\/wp\/v2\/types\/page"}],"author":[{"embeddable":true,"href":"https:\/\/rkeeper.no\/index.php?rest_route=\/wp\/v2\/users\/1"}],"replies":[{"embeddable":true,"href":"https:\/\/rkeeper.no\/index.php?rest_route=%2Fwp%2Fv2%2Fcomments&post=2542"}],"version-history":[{"count":5,"href":"https:\/\/rkeeper.no\/index.php?rest_route=\/wp\/v2\/pages\/2542\/revisions"}],"predecessor-version":[{"id":3715,"href":"https:\/\/rkeeper.no\/index.php?rest_route=\/wp\/v2\/pages\/2542\/revisions\/3715"}],"wp:attachment":[{"href":"https:\/\/rkeeper.no\/index.php?rest_route=%2Fwp%2Fv2%2Fmedia&parent=2542"}],"curies":[{"name":"wp","href":"https:\/\/api.w.org\/{rel}","templated":true}]}}