{"id":928,"date":"2025-06-17T12:22:09","date_gmt":"2025-06-17T09:22:09","guid":{"rendered":"http:\/\/45.76.88.29\/?page_id=928"},"modified":"2025-07-16T15:55:06","modified_gmt":"2025-07-16T12:55:06","slug":"om","status":"publish","type":"page","link":"https:\/\/rkeeper.no\/?page_id=928","title":{"rendered":"Om"},"content":{"rendered":"\t\t<div data-elementor-type=\"wp-page\" data-elementor-id=\"928\" class=\"elementor elementor-928 elementor-269\" data-elementor-post-type=\"page\">\n\t\t\t\t<div class=\"elementor-element elementor-element-2631bb4 e-flex e-con-boxed e-con e-parent\" data-id=\"2631bb4\" data-element_type=\"container\" data-e-type=\"container\">\n\t\t\t\t\t<div class=\"e-con-inner\">\n\t\t\t\t<div class=\"elementor-element elementor-element-38a4e538 elementor-widget elementor-widget-flex-hero\" data-id=\"38a4e538\" data-element_type=\"widget\" data-e-type=\"widget\" data-settings=\"{&quot;image_shape&quot;:&quot;round&quot;,&quot;layout_preset&quot;:&quot;showcase&quot;,&quot;layout_column_structure&quot;:&quot;50-50&quot;,&quot;layout_image_position&quot;:&quot;end&quot;,&quot;primary_button_shape&quot;:&quot;default&quot;,&quot;box_shape&quot;:&quot;sharp&quot;}\" data-widget_type=\"flex-hero.default\">\n\t\t\t\t<div class=\"elementor-widget-container\">\n\t\t\t\t\t\t\t<div class=\"has-shape-sharp shape-type-box has-column-structure-50-50  ehp-flex-hero has-layout-preset-showcase has-image-position-end\">\n\t\t\t\t\t\t<div class=\"ehp-flex-hero__overlay\"><\/div>\n\t\t\t<div class=\"ehp-flex-hero__content-container\">\n\t\t\t\t<h2 class=\"ehp-flex-hero__heading\">Vi er R_keeper<\/h2><h3 class=\"ehp-flex-hero__subheading\">Frigj\u00f8r det fulle potensialet til restauranten din med r_keepers kraftige integrasjonsfunksjoner. Programvaren v\u00e5r fungerer som et sentralt knutepunkt som enkelt kobles til ledende verkt\u00f8y for forretningsanalyse, nettbaserte bestillingsplattformer, leveringstjenester og betalingssystemer. Denne integrasjonen sikrer en s\u00f8ml\u00f8s omnikanalopplevelse for kundene dine, slik at de kan samhandle med merkevaren din gjennom hvilken som helst kanal de foretrekker, noe som \u00f8ker salgspotensialet ditt betydelig.  \n\nVed \u00e5 integrere med f\u00f8rsteklasses analyseplattformer gir R-Keeper deg muligheten til \u00e5 ta datadrevne beslutninger uten \u00e5 trenge et eget analyseverkt\u00f8y. Gjennom disse partnerskapene f\u00e5r du tilgang til viktig innsikt og detaljerte rapporter, slik at du kan forst\u00e5 kundeatferd, salgstrender og driftseffektivitet. Med r_keeper kan du effektivisere driften og forbedre forretningsstrategien din i et konkurranseutsatt marked.  <\/h3>\t\t\t<div class=\"ehp-flex-hero__ctas-container\">\n\t\t\t\t\t\t\t\t\t\t\t<\/div>\n\t\t\t\t\t<\/div>\n\t\t\t\t<div class=\"ehp-flex-hero__image-wrapper\">\n\t\t\t\t\t<div class=\"ehp-image ehp-flex-hero__image-container\">\n\t\t\t\t<img decoding=\"async\" class=\"ehp-image__img ehp-flex-hero__img has-border has-shape-round shape-type-image\" src=\"https:\/\/rkeeper.no\/wp-content\/uploads\/2025\/06\/why-monsfer1.svg\" title=\"why-monsfer1.svg\" alt=\"why-monsfer1.svg\" loading=\"lazy\" \/>\t\t\t<\/div>\n\t\t\t\t\t<\/div>\n\t\t\t\t<\/div>\n\t\t\t\t\t\t<\/div>\n\t\t\t\t<\/div>\n\t\t\t\t\t<\/div>\n\t\t\t\t<\/div>\n\t\t<div class=\"elementor-element elementor-element-1c35e8a6 e-flex e-con-boxed e-con e-parent\" data-id=\"1c35e8a6\" data-element_type=\"container\" data-e-type=\"container\">\n\t\t\t\t\t<div class=\"e-con-inner\">\n\t\t<div class=\"elementor-element elementor-element-ad3e0ff e-con-full e-flex e-con e-child\" data-id=\"ad3e0ff\" data-element_type=\"container\" data-e-type=\"container\" data-settings=\"{&quot;background_background&quot;:&quot;classic&quot;}\">\n\t\t\t\t<div class=\"elementor-element elementor-element-58ccd51f elementor-invisible elementor-widget elementor-widget-heading\" data-id=\"58ccd51f\" data-element_type=\"widget\" data-e-type=\"widget\" data-settings=\"{&quot;_animation&quot;:&quot;fadeIn&quot;,&quot;_animation_delay&quot;:&quot;400&quot;}\" data-widget_type=\"heading.default\">\n\t\t\t\t<div class=\"elementor-widget-container\">\n\t\t\t\t\t<h2 class=\"elementor-heading-title elementor-size-default\">V\u00e5rt kontor i Helsingfors<\/h2>\t\t\t\t<\/div>\n\t\t\t\t<\/div>\n\t\t\t\t<div class=\"elementor-element elementor-element-619a5190 elementor-widget elementor-widget-text-editor\" data-id=\"619a5190\" data-element_type=\"widget\" data-e-type=\"widget\" data-widget_type=\"text-editor.default\">\n\t\t\t\t<div class=\"elementor-widget-container\">\n\t\t\t\t\t\t\t\t\t<p>Hovedkvarteret v\u00e5rt ligger i hjertet av Helsinki, der innovasjon m\u00f8ter energi. Det er her det talentfulle teamet v\u00e5rt designer, bygger og videreutvikler R_keeper-opplevelsen. <\/p>\t\t\t\t\t\t\t\t<\/div>\n\t\t\t\t<\/div>\n\t\t\t\t<div class=\"elementor-element elementor-element-6e01bbc2 elementor-widget__width-initial elementor-widget-mobile__width-inherit elementor-widget elementor-widget-image\" data-id=\"6e01bbc2\" data-element_type=\"widget\" data-e-type=\"widget\" data-settings=\"{&quot;_animation&quot;:&quot;none&quot;}\" data-widget_type=\"image.default\">\n\t\t\t\t<div class=\"elementor-widget-container\">\n\t\t\t\t\t\t\t\t\t\t\t\t\t\t\t<img decoding=\"async\" width=\"275\" height=\"67\" src=\"https:\/\/rkeeper.no\/wp-content\/uploads\/2025\/06\/cloud-img-2.svg\" class=\"attachment-large size-large wp-image-553\" alt=\"\" \/>\t\t\t\t\t\t\t\t\t\t\t\t\t\t\t<\/div>\n\t\t\t\t<\/div>\n\t\t\t\t<div class=\"elementor-element elementor-element-77fe9c1a elementor-widget__width-inherit elementor-view-default elementor-widget elementor-widget-icon\" data-id=\"77fe9c1a\" data-element_type=\"widget\" data-e-type=\"widget\" data-widget_type=\"icon.default\">\n\t\t\t\t<div class=\"elementor-widget-container\">\n\t\t\t\t\t\t\t<div class=\"elementor-icon-wrapper\">\n\t\t\t<div class=\"elementor-icon\">\n\t\t\t<svg xmlns=\"http:\/\/www.w3.org\/2000\/svg\" id=\"a\" width=\"80.73\" height=\"81.52\" viewBox=\"0 0 80.73 81.52\"><defs><style>.b{fill:none;stroke-miterlimit:10;stroke-width:1.3px;}.b,.c{stroke:#050505;}.c{stroke-miterlimit:10;stroke-width:1.3px;}<\/style><\/defs><ellipse class=\"c\" cx=\"40.37\" cy=\"40.76\" rx=\"39.28\" ry=\"40.53\" transform=\"translate(-16.23 31.39) rotate(-35.88)\"><\/ellipse><path class=\"b\" d=\"M22.01,15.35c13.59-9.83,32.84-6.44,42.99,7.59\"><\/path><\/svg>\t\t\t<\/div>\n\t\t<\/div>\n\t\t\t\t\t\t<\/div>\n\t\t\t\t<\/div>\n\t\t\t\t<\/div>\n\t\t<div class=\"elementor-element elementor-element-f1c2263 e-con-full e-flex e-con e-child\" data-id=\"f1c2263\" data-element_type=\"container\" data-e-type=\"container\" data-settings=\"{&quot;background_background&quot;:&quot;classic&quot;}\">\n\t\t\t\t<div class=\"elementor-element elementor-element-2dbb81cf elementor-widget__width-auto elementor-absolute elementor-view-default elementor-widget elementor-widget-icon\" data-id=\"2dbb81cf\" data-element_type=\"widget\" data-e-type=\"widget\" data-settings=\"{&quot;_position&quot;:&quot;absolute&quot;}\" data-widget_type=\"icon.default\">\n\t\t\t\t<div class=\"elementor-widget-container\">\n\t\t\t\t\t\t\t<div class=\"elementor-icon-wrapper\">\n\t\t\t<div class=\"elementor-icon\">\n\t\t\t<svg xmlns=\"http:\/\/www.w3.org\/2000\/svg\" id=\"a\" width=\"80.73\" height=\"81.52\" viewBox=\"0 0 80.73 81.52\"><defs><style>.b{fill:none;stroke-miterlimit:10;stroke-width:1.3px;}.b,.c{stroke:#050505;}.c{stroke-miterlimit:10;stroke-width:1.3px;}<\/style><\/defs><ellipse class=\"c\" cx=\"40.37\" cy=\"40.76\" rx=\"39.28\" ry=\"40.53\" transform=\"translate(-16.23 31.39) rotate(-35.88)\"><\/ellipse><path class=\"b\" d=\"M22.01,15.35c13.59-9.83,32.84-6.44,42.99,7.59\"><\/path><\/svg>\t\t\t<\/div>\n\t\t<\/div>\n\t\t\t\t\t\t<\/div>\n\t\t\t\t<\/div>\n\t\t\t\t<div class=\"elementor-element elementor-element-27492b40 elementor-widget elementor-widget-image\" data-id=\"27492b40\" data-element_type=\"widget\" data-e-type=\"widget\" data-widget_type=\"image.default\">\n\t\t\t\t<div class=\"elementor-widget-container\">\n\t\t\t\t\t\t\t\t\t\t\t\t\t\t\t<img fetchpriority=\"high\" decoding=\"async\" width=\"800\" height=\"534\" src=\"https:\/\/rkeeper.no\/wp-content\/uploads\/2025\/06\/download-1-1024x683.jpg\" class=\"attachment-large size-large wp-image-803\" alt=\"\" srcset=\"https:\/\/rkeeper.no\/wp-content\/uploads\/2025\/06\/download-1-1024x683.jpg 1024w, https:\/\/rkeeper.no\/wp-content\/uploads\/2025\/06\/download-1-300x200.jpg 300w, https:\/\/rkeeper.no\/wp-content\/uploads\/2025\/06\/download-1-768x512.jpg 768w, https:\/\/rkeeper.no\/wp-content\/uploads\/2025\/06\/download-1-1536x1024.jpg 1536w, https:\/\/rkeeper.no\/wp-content\/uploads\/2025\/06\/download-1.jpg 2048w\" sizes=\"(max-width: 800px) 100vw, 800px\" \/>\t\t\t\t\t\t\t\t\t\t\t\t\t\t\t<\/div>\n\t\t\t\t<\/div>\n\t\t\t\t<div class=\"elementor-element elementor-element-68fb4101 elementor-widget__width-initial elementor-absolute elementor-widget elementor-widget-image\" data-id=\"68fb4101\" data-element_type=\"widget\" data-e-type=\"widget\" data-settings=\"{&quot;_position&quot;:&quot;absolute&quot;}\" data-widget_type=\"image.default\">\n\t\t\t\t<div class=\"elementor-widget-container\">\n\t\t\t\t\t\t\t\t\t\t\t\t\t\t\t<img decoding=\"async\" width=\"311\" height=\"75\" src=\"https:\/\/rkeeper.no\/wp-content\/uploads\/2025\/06\/coffe2go-clound-num8.svg\" class=\"attachment-large size-large wp-image-468\" alt=\"\" \/>\t\t\t\t\t\t\t\t\t\t\t\t\t\t\t<\/div>\n\t\t\t\t<\/div>\n\t\t\t\t<div class=\"elementor-element elementor-element-6bc54040 elementor-widget__width-auto elementor-absolute elementor-view-default elementor-widget elementor-widget-icon\" data-id=\"6bc54040\" data-element_type=\"widget\" data-e-type=\"widget\" data-settings=\"{&quot;_position&quot;:&quot;absolute&quot;}\" data-widget_type=\"icon.default\">\n\t\t\t\t<div class=\"elementor-widget-container\">\n\t\t\t\t\t\t\t<div class=\"elementor-icon-wrapper\">\n\t\t\t<div class=\"elementor-icon\">\n\t\t\t<svg xmlns=\"http:\/\/www.w3.org\/2000\/svg\" id=\"a\" width=\"80.73\" height=\"81.52\" viewBox=\"0 0 80.73 81.52\"><defs><style>.b{fill:none;stroke-miterlimit:10;stroke-width:1.3px;}.b,.c{stroke:#050505;}.c{stroke-miterlimit:10;stroke-width:1.3px;}<\/style><\/defs><ellipse class=\"c\" cx=\"40.37\" cy=\"40.76\" rx=\"39.28\" ry=\"40.53\" transform=\"translate(-16.23 31.39) rotate(-35.88)\"><\/ellipse><path class=\"b\" d=\"M22.01,15.35c13.59-9.83,32.84-6.44,42.99,7.59\"><\/path><\/svg>\t\t\t<\/div>\n\t\t<\/div>\n\t\t\t\t\t\t<\/div>\n\t\t\t\t<\/div>\n\t\t\t\t<div class=\"elementor-element elementor-element-34826366 elementor-widget__width-initial elementor-absolute elementor-widget elementor-widget-image\" data-id=\"34826366\" data-element_type=\"widget\" data-e-type=\"widget\" data-settings=\"{&quot;_position&quot;:&quot;absolute&quot;}\" data-widget_type=\"image.default\">\n\t\t\t\t<div class=\"elementor-widget-container\">\n\t\t\t\t\t\t\t\t\t\t\t\t\t\t\t<img loading=\"lazy\" decoding=\"async\" width=\"275\" height=\"67\" src=\"https:\/\/rkeeper.no\/wp-content\/uploads\/2025\/06\/cloud-img-2-1.svg\" class=\"attachment-large size-large wp-image-473\" alt=\"\" \/>\t\t\t\t\t\t\t\t\t\t\t\t\t\t\t<\/div>\n\t\t\t\t<\/div>\n\t\t\t\t<div class=\"elementor-element elementor-element-121d5de3 elementor-widget__width-initial elementor-absolute elementor-widget elementor-widget-image\" data-id=\"121d5de3\" data-element_type=\"widget\" data-e-type=\"widget\" data-settings=\"{&quot;_position&quot;:&quot;absolute&quot;}\" data-widget_type=\"image.default\">\n\t\t\t\t<div class=\"elementor-widget-container\">\n\t\t\t\t\t\t\t\t\t\t\t\t\t\t\t<img loading=\"lazy\" decoding=\"async\" width=\"179\" height=\"49\" src=\"https:\/\/rkeeper.no\/wp-content\/uploads\/2025\/06\/cloud-img-3.svg\" class=\"attachment-large size-large wp-image-478\" alt=\"\" \/>\t\t\t\t\t\t\t\t\t\t\t\t\t\t\t<\/div>\n\t\t\t\t<\/div>\n\t\t\t\t<\/div>\n\t\t\t\t\t<\/div>\n\t\t\t\t<\/div>\n\t\t<div class=\"elementor-element elementor-element-3ecdced4 e-flex e-con-boxed e-con e-parent\" data-id=\"3ecdced4\" data-element_type=\"container\" data-e-type=\"container\" data-settings=\"{&quot;background_background&quot;:&quot;classic&quot;}\">\n\t\t\t\t\t<div class=\"e-con-inner\">\n\t\t<div class=\"elementor-element elementor-element-7caa5ae3 e-con-full e-flex e-con e-child\" data-id=\"7caa5ae3\" data-element_type=\"container\" data-e-type=\"container\">\n\t\t\t\t<div class=\"elementor-element elementor-element-7e8977cb elementor-widget elementor-widget-cta\" data-id=\"7e8977cb\" data-element_type=\"widget\" data-e-type=\"widget\" data-settings=\"{&quot;layout_preset&quot;:&quot;streamline&quot;,&quot;content_alignment&quot;:&quot;center&quot;,&quot;content_alignment_tablet&quot;:&quot;center&quot;,&quot;content_alignment_mobile&quot;:&quot;center&quot;,&quot;primary_button_shape&quot;:&quot;default&quot;,&quot;cta_width&quot;:&quot;default&quot;,&quot;cta_position&quot;:&quot;default&quot;,&quot;box_shape&quot;:&quot;sharp&quot;}\" data-widget_type=\"cta.default\">\n\t\t\t\t<div class=\"elementor-widget-container\">\n\t\t\t\t\t\t\t<div class=\"has-shape-sharp shape-type-box ehp-cta has-preset-streamline\">\n\t\t\t<div class=\"ehp-cta__overlay\"><\/div>\n\t\t\t<div class=\"ehp-cta__elements-container\">\n\t\t\t\t\t\t<div class=\"ehp-cta__text-container\">\n\t\t\t<h2 class=\"ehp-cta__heading\">La oss holde kontakten<\/h2><p class=\"ehp-cta__description\">Har du et sp\u00f8rsm\u00e5l f\u00f8r du legger fra deg sjekkheftet og lommeboken?\nTa gjerne kontakt med oss uansett grunn - vi er her for \u00e5 hjelpe deg!<\/p>\t\t<\/div>\n\t\t\t\t\t<div class=\"ehp-cta__ctas-container has-cta-width-default\">\n\t\t\t\t<div class=\"ehp-cta__buttons-wrapper\">\n\t\t\t\t\t\t\t<a class=\"has-shape-default shape-type-button ehp-button ehp-button--primary ehp-cta__button ehp-cta__button--primary is-type-button has-border\" href=\"https:\/\/rkeeper.no\/?page_id=933\" target=\"_blank\">\n\t\t\t\t\t<span class=\"ehp-button__text ehp-cta__button-text ehp-cta__button-text--primary\">\n\t\t\tKontakt oss\t\t\t\t<\/a>\n\t\t\t\t\t\t\t\t\t\t\t<\/div>\n\t\t\t<\/div>\n\t\t\t\t\t<\/div>\n\t\t<\/div>\n\t\t\t\t\t\t<\/div>\n\t\t\t\t<\/div>\n\t\t\t\t<div class=\"elementor-element elementor-element-30dcc1e0 elementor-absolute elementor-widget elementor-widget-image\" data-id=\"30dcc1e0\" data-element_type=\"widget\" data-e-type=\"widget\" data-settings=\"{&quot;_position&quot;:&quot;absolute&quot;}\" data-widget_type=\"image.default\">\n\t\t\t\t<div class=\"elementor-widget-container\">\n\t\t\t\t\t\t\t\t\t\t\t\t\t\t\t<img loading=\"lazy\" decoding=\"async\" width=\"612\" height=\"792\" src=\"https:\/\/rkeeper.no\/wp-content\/uploads\/2025\/06\/KeepinTouch1.svg\" class=\"attachment-large size-large wp-image-563\" alt=\"\" \/>\t\t\t\t\t\t\t\t\t\t\t\t\t\t\t<\/div>\n\t\t\t\t<\/div>\n\t\t\t\t<div class=\"elementor-element elementor-element-6ad07df0 elementor-absolute elementor-widget elementor-widget-image\" data-id=\"6ad07df0\" data-element_type=\"widget\" data-e-type=\"widget\" data-settings=\"{&quot;_position&quot;:&quot;absolute&quot;}\" data-widget_type=\"image.default\">\n\t\t\t\t<div class=\"elementor-widget-container\">\n\t\t\t\t\t\t\t\t\t\t\t\t\t\t\t<img loading=\"lazy\" decoding=\"async\" width=\"612\" height=\"792\" src=\"https:\/\/rkeeper.no\/wp-content\/uploads\/2025\/06\/KeepInTouch2.svg\" class=\"attachment-large size-large wp-image-568\" alt=\"\" \/>\t\t\t\t\t\t\t\t\t\t\t\t\t\t\t<\/div>\n\t\t\t\t<\/div>\n\t\t\t\t<\/div>\n\t\t\t\t\t<\/div>\n\t\t\t\t<\/div>\n\t\t\t\t<\/div>\n\t\t","protected":false},"excerpt":{"rendered":"<p>Vi er R_keeper Frigj\u00f8r det fulle potensialet til restauranten din med r_keepers kraftige integrasjonsfunksjoner. Programvaren v\u00e5r fungerer som et sentralt knutepunkt som enkelt kobles til ledende verkt\u00f8y for forretningsanalyse, nettbaserte bestillingsplattformer, leveringstjenester og betalingssystemer. Denne integrasjonen sikrer en s\u00f8ml\u00f8s omnikanalopplevelse for kundene dine, slik at de kan samhandle med merkevaren din gjennom hvilken som helst [&hellip;]<\/p>\n","protected":false},"author":1,"featured_media":0,"parent":0,"menu_order":0,"comment_status":"closed","ping_status":"closed","template":"elementor_header_footer","meta":{"footnotes":""},"class_list":["post-928","page","type-page","status-publish","hentry"],"_links":{"self":[{"href":"https:\/\/rkeeper.no\/index.php?rest_route=\/wp\/v2\/pages\/928","targetHints":{"allow":["GET"]}}],"collection":[{"href":"https:\/\/rkeeper.no\/index.php?rest_route=\/wp\/v2\/pages"}],"about":[{"href":"https:\/\/rkeeper.no\/index.php?rest_route=\/wp\/v2\/types\/page"}],"author":[{"embeddable":true,"href":"https:\/\/rkeeper.no\/index.php?rest_route=\/wp\/v2\/users\/1"}],"replies":[{"embeddable":true,"href":"https:\/\/rkeeper.no\/index.php?rest_route=%2Fwp%2Fv2%2Fcomments&post=928"}],"version-history":[{"count":5,"href":"https:\/\/rkeeper.no\/index.php?rest_route=\/wp\/v2\/pages\/928\/revisions"}],"predecessor-version":[{"id":3308,"href":"https:\/\/rkeeper.no\/index.php?rest_route=\/wp\/v2\/pages\/928\/revisions\/3308"}],"wp:attachment":[{"href":"https:\/\/rkeeper.no\/index.php?rest_route=%2Fwp%2Fv2%2Fmedia&parent=928"}],"curies":[{"name":"wp","href":"https:\/\/api.w.org\/{rel}","templated":true}]}}